{"id":25283,"date":"2024-08-30T14:47:21","date_gmt":"2024-08-30T12:47:21","guid":{"rendered":"https:\/\/karriere.nagel-group.com\/?page_id=25283"},"modified":"2026-01-30T14:37:18","modified_gmt":"2026-01-30T13:37:18","slug":"imprint","status":"publish","type":"page","link":"https:\/\/karriere.nagel-group.com\/en\/imprint\/","title":{"rendered":"Imprint"},"content":{"rendered":"<div data-elementor-type=\"wp-page\" data-elementor-id=\"25283\" class=\"elementor elementor-25283\" data-elementor-post-type=\"page\">\n\t\t\t\t<div class=\"elementor-element elementor-element-0eec56b e-flex e-con-boxed e-con e-parent\" data-id=\"0eec56b\" data-element_type=\"container\" data-e-type=\"container\" data-settings=\"{&quot;background_background&quot;:&quot;classic&quot;,&quot;jet_parallax_layout_list&quot;:[]}\">\n\t\t\t\t\t<div class=\"e-con-inner\">\n\t\t\t\t<div class=\"elementor-element elementor-element-c782e22 elementor-widget__width-inherit elementor-widget elementor-widget-heading\" data-id=\"c782e22\" data-element_type=\"widget\" data-e-type=\"widget\" data-widget_type=\"heading.default\">\n\t\t\t\t<div class=\"elementor-widget-container\">\n\t\t\t\t\t<h1 class=\"elementor-heading-title elementor-size-default\">Imprint<\/h1>\t\t\t\t<\/div>\n\t\t\t\t<\/div>\n\t\t\t\t<div class=\"elementor-element elementor-element-300757f elementor-widget elementor-widget-spacer\" data-id=\"300757f\" data-element_type=\"widget\" data-e-type=\"widget\" data-widget_type=\"spacer.default\">\n\t\t\t\t<div class=\"elementor-widget-container\">\n\t\t\t\t\t\t\t<div class=\"elementor-spacer\">\n\t\t\t<div class=\"elementor-spacer-inner\"><\/div>\n\t\t<\/div>\n\t\t\t\t\t\t<\/div>\n\t\t\t\t<\/div>\n\t\t\t\t\t<\/div>\n\t\t\t\t<\/div>\n\t\t<div class=\"elementor-element elementor-element-ed287d5 e-flex e-con-boxed e-con e-parent\" data-id=\"ed287d5\" data-element_type=\"container\" data-e-type=\"container\" data-settings=\"{&quot;jet_parallax_layout_list&quot;:[]}\">\n\t\t\t\t\t<div class=\"e-con-inner\">\n\t\t\t\t<div class=\"elementor-element elementor-element-fd71d4c elementor-widget elementor-widget-spacer\" data-id=\"fd71d4c\" data-element_type=\"widget\" data-e-type=\"widget\" data-widget_type=\"spacer.default\">\n\t\t\t\t<div class=\"elementor-widget-container\">\n\t\t\t\t\t\t\t<div class=\"elementor-spacer\">\n\t\t\t<div class=\"elementor-spacer-inner\"><\/div>\n\t\t<\/div>\n\t\t\t\t\t\t<\/div>\n\t\t\t\t<\/div>\n\t\t\t\t\t<\/div>\n\t\t\t\t<\/div>\n\t\t<div class=\"elementor-element elementor-element-f74a04f e-flex e-con-boxed e-con e-parent\" data-id=\"f74a04f\" data-element_type=\"container\" data-e-type=\"container\" data-settings=\"{&quot;jet_parallax_layout_list&quot;:[]}\">\n\t\t\t\t\t<div class=\"e-con-inner\">\n\t\t\t\t<div class=\"elementor-element elementor-element-7967bff elementor-widget elementor-widget-text-editor\" data-id=\"7967bff\" data-element_type=\"widget\" data-e-type=\"widget\" data-widget_type=\"text-editor.default\">\n\t\t\t\t<div class=\"elementor-widget-container\">\n\t\t\t\t\t\t\t\t\t<div class=\"wpb_text_column wpb_content_element\"><div class=\"wpb_wrapper\"><h2>Responsible for the content is<\/h2><p>Nagel-Group Logistics SE<br \/>Friedrich-Menzefricke-Str. 6<br \/>D-33775 Versmold<\/p><p>Phone:\u00a0<a href=\"tel:+49 5423 9600\">+49 5423 9600<\/a><br \/>Fax:\u00a0<a href=\"tel:+49 5423 960 122\">+49 5423 960 122<\/a><br \/>E-Mail:\u00a0<a href=\"mailto:info@nagel-group.com\">info@nagel-group.com<\/a><\/p><p>Register court: G\u00fctersloh<br \/>Register number: HRB 12762<\/p><p>Chairwoman of the Board of Directors: Marion Nagel<br \/><span data-olk-copy-source=\"MessageBody\">Managing Directors: Lars-Erik Poths (CEO), Jens Kleiner, Michael L\u00fctjann, Dr. Holger Werthschult<\/span><\/p><p>VAT ID No.: DE 811502115<\/p><p>Responsible for content according to \u00a7 18 Abs. 2 MStV:<br \/>Kim Miyanji<br \/>Nagel-Group Logistics SE<br \/>Friedrich-Menzefricke-Str. 6<br \/>D-33775 Versmold<\/p><p>Supervisory authority:<\/p><p>G\u00fctersloh district<br \/>- The District Administrator -<br \/>Herzebrocker Street 140<br \/>D-33334 G\u00fctersloh<br \/>Phone: 05241 \/ 85 1265<br \/><a href=\"http:\/\/www.kreis-guetersloh.de\/\">www.kreis-guetersloh.de<\/a><\/p><p>Federal Office for Road Haulage<br \/>Werderstrasse 34<br \/>D-50672 Cologne<br \/>Phone: 0221 \/ 5776-0<br \/><a href=\"http:\/\/www.bag.bund.de\/\">www.bag.bund.de<\/a><\/p><p>Insurance intermediary register:<br \/>Deutscher Industrie- und Handelskammertag (DIHK) e.V., Breite Stra\u00dfe 29, 10178 Berlin, Tel: 0180 600585-0 (20 cents\/call from a German landline, maximum 60 cents\/call from mobile networks).<br \/>Register retrieval:\u00a0<a href=\"https:\/\/deu01.safelinks.protection.outlook.com\/?url=http%3A%2F%2Fwww.vermittlerregister.info%2F&amp;data=05%7C02%7CJaqueline.Kaldewey%40nagel-group.com%7C0fad6758f5de4841330a08dc2df9f3b2%7C1143b60946fc43eea1f8a20ba405faf0%7C0%7C0%7C638435798753592299%7CUnknown%7CTWFpbGZsb3d8eyJWIjoiMC4wLjAwMDAiLCJQIjoiV2luMzIiLCJBTiI6Ik1haWwiLCJXVCI6Mn0%3D%7C0%7C%7C%7C&amp;sdata=89mbm%2FDM%2FGdInEZB%2B1gdygBhMkhVOKJ43nkhejv2z%2Fs%3D&amp;reserved=0\" target=\"_blank\" rel=\"noopener\">www.vermittlerregister.info<\/a>\u00a0under the following registration number: D-SEBU-F1SL5-60<\/p><p>License exemption according to \u00a7 34 d Abs. 6 GewO, granted by the IHK Ostwestfalen zu Bielefeld, Elsa-Brandstr\u00f6m-Stra\u00dfe 1-3, 33602 Bielefeld,\u00a0<a href=\"https:\/\/deu01.safelinks.protection.outlook.com\/?url=http%3A%2F%2Fwww.ostwestfalen.ihk.de%2F&amp;data=05%7C02%7CJaqueline.Kaldewey%40nagel-group.com%7C0fad6758f5de4841330a08dc2df9f3b2%7C1143b60946fc43eea1f8a20ba405faf0%7C0%7C0%7C638435798753602508%7CUnknown%7CTWFpbGZsb3d8eyJWIjoiMC4wLjAwMDAiLCJQIjoiV2luMzIiLCJBTiI6Ik1haWwiLCJXVCI6Mn0%3D%7C0%7C%7C%7C&amp;sdata=B42CyV6xEuDjXcwgbCJBc2VZDdocCdCUb4qcEJcO3pQ%3D&amp;reserved=0\" target=\"_blank\" rel=\"noopener\">www.ostwestfalen.ihk.de<\/a><\/p><h2>Note on linked pages<\/h2><p>We have included links to other sites on the Internet on our website. The following applies to all these links: We have no influence whatsoever on the design and content of the linked pages. We therefore hereby expressly distance ourselves from all content on all linked pages on this entire website, including all sub-pages. This declaration applies to all links, banners and search engines on this website and to all content of the pages to which links, banners or search engines on this website lead.<\/p><h2>Trademarks \/ Copyright<\/h2><p>The content and structure of the Nagel-Group Logistics SE website and the texts, images, graphics, files etc. used on the website are subject to copyright and other laws for the protection of intellectual property. Their dissemination, modification, commercial use or use in other websites or media is not permitted.<\/p><p>All other trademarks not explicitly mentioned are the property of the respective companies.<\/p><\/div><\/div>\t\t\t\t\t\t\t\t<\/div>\n\t\t\t\t<\/div>\n\t\t\t\t\t<\/div>\n\t\t\t\t<\/div>\n\t\t<div class=\"elementor-element elementor-element-1a3c300 e-flex e-con-boxed e-con e-parent\" data-id=\"1a3c300\" data-element_type=\"container\" data-e-type=\"container\" data-settings=\"{&quot;jet_parallax_layout_list&quot;:[]}\">\n\t\t\t\t\t<div class=\"e-con-inner\">\n\t\t\t\t<div class=\"elementor-element elementor-element-70e7841 elementor-widget elementor-widget-spacer\" data-id=\"70e7841\" data-element_type=\"widget\" data-e-type=\"widget\" data-widget_type=\"spacer.default\">\n\t\t\t\t<div class=\"elementor-widget-container\">\n\t\t\t\t\t\t\t<div class=\"elementor-spacer\">\n\t\t\t<div class=\"elementor-spacer-inner\"><\/div>\n\t\t<\/div>\n\t\t\t\t\t\t<\/div>\n\t\t\t\t<\/div>\n\t\t\t\t\t<\/div>\n\t\t\t\t<\/div>\n\t\t\t\t<\/div>","protected":false},"excerpt":{"rendered":"<p>Impressum Verantwortlich f\u00fcr den Inhalt ist Nagel-Group Logistics SEFriedrich-Menzefricke-Str. 6D-33775 Versmold Telefon:\u00a0+49 5423 9600Telefax:\u00a0+49 5423 960 122E-Mail:\u00a0info@nagel-group.com Registergericht: G\u00fcterslohRegisternummer: HRB 12762 Verwaltungsratsvorsitzende: Marion NagelGesch\u00e4ftsf\u00fchrende Direktoren: Lars-Erik Poths (CEO), Jens Kleiner, Michael L\u00fctjann, Dr. Holger Werthschult USt-IdNr.: DE 811502115 Inhaltlich Verantwortlicher gem\u00e4\u00df \u00a7 18 Abs. 2 MStV:Kim MiyanjiNagel-Group Logistics SEFriedrich-Menzefricke-Str. 6D-33775 Versmold Aufsichtsbeh\u00f6rde: Kreis G\u00fctersloh\u2013 Der [&hellip;]<\/p>\n","protected":false},"author":246537659,"featured_media":0,"parent":0,"menu_order":0,"comment_status":"closed","ping_status":"closed","template":"elementor_header_footer","meta":{"_crdt_document":"","footnotes":""},"class_list":["post-25283","page","type-page","status-publish","hentry"],"yoast_head":"<!-- This site is optimized with the Yoast SEO plugin v27.6 - https:\/\/yoast.com\/product\/yoast-seo-wordpress\/ -->\n<title>Impressum - Nagel-Group Karriere<\/title>\n<meta name=\"robots\" content=\"index, follow, max-snippet:-1, max-image-preview:large, max-video-preview:-1\" \/>\n<link rel=\"canonical\" href=\"https:\/\/karriere.nagel-group.com\/en\/imprint\/\" \/>\n<meta property=\"og:locale\" content=\"en_US\" \/>\n<meta property=\"og:type\" content=\"article\" \/>\n<meta property=\"og:title\" content=\"Impressum - Nagel-Group Karriere\" \/>\n<meta property=\"og:description\" content=\"Impressum Verantwortlich f\u00fcr den Inhalt ist Nagel-Group Logistics SEFriedrich-Menzefricke-Str. 6D-33775 Versmold Telefon:\u00a0+49 5423 9600Telefax:\u00a0+49 5423 960 122E-Mail:\u00a0info@nagel-group.com Registergericht: G\u00fcterslohRegisternummer: HRB 12762 Verwaltungsratsvorsitzende: Marion NagelGesch\u00e4ftsf\u00fchrende Direktoren: Lars-Erik Poths (CEO), Jens Kleiner, Michael L\u00fctjann, Dr. Holger Werthschult USt-IdNr.: DE 811502115 Inhaltlich Verantwortlicher gem\u00e4\u00df \u00a7 18 Abs. 2 MStV:Kim MiyanjiNagel-Group Logistics SEFriedrich-Menzefricke-Str. 6D-33775 Versmold Aufsichtsbeh\u00f6rde: Kreis G\u00fctersloh\u2013 Der [&hellip;]\" \/>\n<meta property=\"og:url\" content=\"https:\/\/karriere.nagel-group.com\/en\/imprint\/\" \/>\n<meta property=\"og:site_name\" content=\"Nagel-Group Karriere\" \/>\n<meta property=\"article:modified_time\" content=\"2026-01-30T13:37:18+00:00\" \/>\n<meta name=\"twitter:card\" content=\"summary_large_image\" \/>\n<meta name=\"twitter:label1\" content=\"Est. reading time\" \/>\n\t<meta name=\"twitter:data1\" content=\"2 minutes\" \/>\n<script type=\"application\/ld+json\" class=\"yoast-schema-graph\">{\"@context\":\"https:\\\/\\\/schema.org\",\"@graph\":[{\"@type\":\"WebPage\",\"@id\":\"https:\\\/\\\/karriere.nagel-group.com\\\/impressum\\\/\",\"url\":\"https:\\\/\\\/karriere.nagel-group.com\\\/impressum\\\/\",\"name\":\"Impressum - Nagel-Group Karriere\",\"isPartOf\":{\"@id\":\"https:\\\/\\\/karriere.nagel-group.com\\\/#website\"},\"datePublished\":\"2024-08-30T12:47:21+00:00\",\"dateModified\":\"2026-01-30T13:37:18+00:00\",\"breadcrumb\":{\"@id\":\"https:\\\/\\\/karriere.nagel-group.com\\\/impressum\\\/#breadcrumb\"},\"inLanguage\":\"en-US\",\"potentialAction\":[{\"@type\":\"ReadAction\",\"target\":[\"https:\\\/\\\/karriere.nagel-group.com\\\/impressum\\\/\"]}]},{\"@type\":\"BreadcrumbList\",\"@id\":\"https:\\\/\\\/karriere.nagel-group.com\\\/impressum\\\/#breadcrumb\",\"itemListElement\":[{\"@type\":\"ListItem\",\"position\":1,\"name\":\"Startseite\",\"item\":\"https:\\\/\\\/karriere.nagel-group.com\\\/\"},{\"@type\":\"ListItem\",\"position\":2,\"name\":\"Impressum\"}]},{\"@type\":\"WebSite\",\"@id\":\"https:\\\/\\\/karriere.nagel-group.com\\\/#website\",\"url\":\"https:\\\/\\\/karriere.nagel-group.com\\\/\",\"name\":\"Nagel-Group Karriere\",\"description\":\"Deine Karriere. Unsere Zukunft.\",\"publisher\":{\"@id\":\"https:\\\/\\\/karriere.nagel-group.com\\\/#organization\"},\"potentialAction\":[{\"@type\":\"SearchAction\",\"target\":{\"@type\":\"EntryPoint\",\"urlTemplate\":\"https:\\\/\\\/karriere.nagel-group.com\\\/?s={search_term_string}\"},\"query-input\":{\"@type\":\"PropertyValueSpecification\",\"valueRequired\":true,\"valueName\":\"search_term_string\"}}],\"inLanguage\":\"en-US\"},{\"@type\":\"Organization\",\"@id\":\"https:\\\/\\\/karriere.nagel-group.com\\\/#organization\",\"name\":\"Nagel-Group Karriere\",\"url\":\"https:\\\/\\\/karriere.nagel-group.com\\\/\",\"logo\":{\"@type\":\"ImageObject\",\"inLanguage\":\"en-US\",\"@id\":\"https:\\\/\\\/karriere.nagel-group.com\\\/#\\\/schema\\\/logo\\\/image\\\/\",\"url\":\"https:\\\/\\\/i0.wp.com\\\/karriere.nagel-group.com\\\/wp-content\\\/uploads\\\/2018\\\/08\\\/cropped-Nagel-Group.png?fit=2161%2C598&ssl=1\",\"contentUrl\":\"https:\\\/\\\/i0.wp.com\\\/karriere.nagel-group.com\\\/wp-content\\\/uploads\\\/2018\\\/08\\\/cropped-Nagel-Group.png?fit=2161%2C598&ssl=1\",\"width\":2161,\"height\":598,\"caption\":\"Nagel-Group Karriere\"},\"image\":{\"@id\":\"https:\\\/\\\/karriere.nagel-group.com\\\/#\\\/schema\\\/logo\\\/image\\\/\"}}]}<\/script>\n<!-- \/ Yoast SEO plugin. -->","yoast_head_json":{"title":"Imprint - Nagel-Group Career","robots":{"index":"index","follow":"follow","max-snippet":"max-snippet:-1","max-image-preview":"max-image-preview:large","max-video-preview":"max-video-preview:-1"},"canonical":"https:\/\/karriere.nagel-group.com\/en\/imprint\/","og_locale":"en_US","og_type":"article","og_title":"Impressum - Nagel-Group Karriere","og_description":"Impressum Verantwortlich f\u00fcr den Inhalt ist Nagel-Group Logistics SEFriedrich-Menzefricke-Str. 6D-33775 Versmold Telefon:\u00a0+49 5423 9600Telefax:\u00a0+49 5423 960 122E-Mail:\u00a0info@nagel-group.com Registergericht: G\u00fcterslohRegisternummer: HRB 12762 Verwaltungsratsvorsitzende: Marion NagelGesch\u00e4ftsf\u00fchrende Direktoren: Lars-Erik Poths (CEO), Jens Kleiner, Michael L\u00fctjann, Dr. Holger Werthschult USt-IdNr.: DE 811502115 Inhaltlich Verantwortlicher gem\u00e4\u00df \u00a7 18 Abs. 2 MStV:Kim MiyanjiNagel-Group Logistics SEFriedrich-Menzefricke-Str. 6D-33775 Versmold Aufsichtsbeh\u00f6rde: Kreis G\u00fctersloh\u2013 Der [&hellip;]","og_url":"https:\/\/karriere.nagel-group.com\/en\/imprint\/","og_site_name":"Nagel-Group Karriere","article_modified_time":"2026-01-30T13:37:18+00:00","twitter_card":"summary_large_image","twitter_misc":{"Est. reading time":"2 minutes"},"schema":{"@context":"https:\/\/schema.org","@graph":[{"@type":"WebPage","@id":"https:\/\/karriere.nagel-group.com\/impressum\/","url":"https:\/\/karriere.nagel-group.com\/impressum\/","name":"Imprint - Nagel-Group Career","isPartOf":{"@id":"https:\/\/karriere.nagel-group.com\/#website"},"datePublished":"2024-08-30T12:47:21+00:00","dateModified":"2026-01-30T13:37:18+00:00","breadcrumb":{"@id":"https:\/\/karriere.nagel-group.com\/impressum\/#breadcrumb"},"inLanguage":"en-US","potentialAction":[{"@type":"ReadAction","target":["https:\/\/karriere.nagel-group.com\/impressum\/"]}]},{"@type":"BreadcrumbList","@id":"https:\/\/karriere.nagel-group.com\/impressum\/#breadcrumb","itemListElement":[{"@type":"ListItem","position":1,"name":"Startseite","item":"https:\/\/karriere.nagel-group.com\/"},{"@type":"ListItem","position":2,"name":"Impressum"}]},{"@type":"WebSite","@id":"https:\/\/karriere.nagel-group.com\/#website","url":"https:\/\/karriere.nagel-group.com\/","name":"Nagel-Group Career","description":"Your career. Our future.","publisher":{"@id":"https:\/\/karriere.nagel-group.com\/#organization"},"potentialAction":[{"@type":"SearchAction","target":{"@type":"EntryPoint","urlTemplate":"https:\/\/karriere.nagel-group.com\/?s={search_term_string}"},"query-input":{"@type":"PropertyValueSpecification","valueRequired":true,"valueName":"search_term_string"}}],"inLanguage":"en-US"},{"@type":"Organization","@id":"https:\/\/karriere.nagel-group.com\/#organization","name":"Nagel-Group Career","url":"https:\/\/karriere.nagel-group.com\/","logo":{"@type":"ImageObject","inLanguage":"en-US","@id":"https:\/\/karriere.nagel-group.com\/#\/schema\/logo\/image\/","url":"https:\/\/i0.wp.com\/karriere.nagel-group.com\/wp-content\/uploads\/2018\/08\/cropped-Nagel-Group.png?fit=2161%2C598&ssl=1","contentUrl":"https:\/\/i0.wp.com\/karriere.nagel-group.com\/wp-content\/uploads\/2018\/08\/cropped-Nagel-Group.png?fit=2161%2C598&ssl=1","width":2161,"height":598,"caption":"Nagel-Group Karriere"},"image":{"@id":"https:\/\/karriere.nagel-group.com\/#\/schema\/logo\/image\/"}}]}},"jetpack_likes_enabled":true,"jetpack_sharing_enabled":true,"jetpack_shortlink":"https:\/\/wp.me\/Pfw6Wr-6zN","_links":{"self":[{"href":"https:\/\/karriere.nagel-group.com\/en\/wp-json\/wp\/v2\/pages\/25283","targetHints":{"allow":["GET"]}}],"collection":[{"href":"https:\/\/karriere.nagel-group.com\/en\/wp-json\/wp\/v2\/pages"}],"about":[{"href":"https:\/\/karriere.nagel-group.com\/en\/wp-json\/wp\/v2\/types\/page"}],"author":[{"embeddable":true,"href":"https:\/\/karriere.nagel-group.com\/en\/wp-json\/wp\/v2\/users\/246537659"}],"replies":[{"embeddable":true,"href":"https:\/\/karriere.nagel-group.com\/en\/wp-json\/wp\/v2\/comments?post=25283"}],"version-history":[{"count":13,"href":"https:\/\/karriere.nagel-group.com\/en\/wp-json\/wp\/v2\/pages\/25283\/revisions"}],"predecessor-version":[{"id":31056,"href":"https:\/\/karriere.nagel-group.com\/en\/wp-json\/wp\/v2\/pages\/25283\/revisions\/31056"}],"wp:attachment":[{"href":"https:\/\/karriere.nagel-group.com\/en\/wp-json\/wp\/v2\/media?parent=25283"}],"curies":[{"name":"wp","href":"https:\/\/api.w.org\/{rel}","templated":true}]}}