{"id":26343,"date":"2024-10-23T07:58:49","date_gmt":"2024-10-23T05:58:49","guid":{"rendered":"https:\/\/karriere.nagel-group.com\/?page_id=26343"},"modified":"2025-01-03T16:43:23","modified_gmt":"2025-01-03T15:43:23","slug":"gender-hinweis","status":"publish","type":"page","link":"https:\/\/karriere.nagel-group.com\/cs\/gender-hinweis\/","title":{"rendered":"Pozn\u00e1mka k pohlav\u00ed"},"content":{"rendered":"<div data-elementor-type=\"wp-page\" data-elementor-id=\"26343\" class=\"elementor elementor-26343\" data-elementor-post-type=\"page\">\n\t\t\t\t<div class=\"elementor-element elementor-element-f0de506 e-flex e-con-boxed e-con e-parent\" data-id=\"f0de506\" data-element_type=\"container\" data-e-type=\"container\" data-settings=\"{&quot;background_background&quot;:&quot;classic&quot;,&quot;jet_parallax_layout_list&quot;:[]}\">\n\t\t\t\t\t<div class=\"e-con-inner\">\n\t\t\t\t<div class=\"elementor-element elementor-element-5ab2eee elementor-widget__width-inherit elementor-widget elementor-widget-heading\" data-id=\"5ab2eee\" data-element_type=\"widget\" data-e-type=\"widget\" data-widget_type=\"heading.default\">\n\t\t\t\t<div class=\"elementor-widget-container\">\n\t\t\t\t\t<h1 class=\"elementor-heading-title elementor-size-default\">Pozn\u00e1mka k pohlav\u00ed<\/h1>\t\t\t\t<\/div>\n\t\t\t\t<\/div>\n\t\t\t\t<div class=\"elementor-element elementor-element-1f35396 elementor-widget elementor-widget-spacer\" data-id=\"1f35396\" data-element_type=\"widget\" data-e-type=\"widget\" data-widget_type=\"spacer.default\">\n\t\t\t\t<div class=\"elementor-widget-container\">\n\t\t\t\t\t\t\t<div class=\"elementor-spacer\">\n\t\t\t<div class=\"elementor-spacer-inner\"><\/div>\n\t\t<\/div>\n\t\t\t\t\t\t<\/div>\n\t\t\t\t<\/div>\n\t\t\t\t\t<\/div>\n\t\t\t\t<\/div>\n\t\t<div class=\"elementor-element elementor-element-23c505e e-flex e-con-boxed e-con e-parent\" data-id=\"23c505e\" data-element_type=\"container\" data-e-type=\"container\" data-settings=\"{&quot;jet_parallax_layout_list&quot;:[]}\">\n\t\t\t\t\t<div class=\"e-con-inner\">\n\t\t\t\t<div class=\"elementor-element elementor-element-5a71217 elementor-widget elementor-widget-spacer\" data-id=\"5a71217\" data-element_type=\"widget\" data-e-type=\"widget\" data-widget_type=\"spacer.default\">\n\t\t\t\t<div class=\"elementor-widget-container\">\n\t\t\t\t\t\t\t<div class=\"elementor-spacer\">\n\t\t\t<div class=\"elementor-spacer-inner\"><\/div>\n\t\t<\/div>\n\t\t\t\t\t\t<\/div>\n\t\t\t\t<\/div>\n\t\t\t\t\t<\/div>\n\t\t\t\t<\/div>\n\t\t<div class=\"elementor-element elementor-element-db2ac66 e-flex e-con-boxed e-con e-parent\" data-id=\"db2ac66\" data-element_type=\"container\" data-e-type=\"container\" data-settings=\"{&quot;jet_parallax_layout_list&quot;:[]}\">\n\t\t\t\t\t<div class=\"e-con-inner\">\n\t\t\t\t<div class=\"elementor-element elementor-element-824c66c elementor-widget elementor-widget-text-editor\" data-id=\"824c66c\" data-element_type=\"widget\" data-e-type=\"widget\" data-widget_type=\"text-editor.default\">\n\t\t\t\t<div class=\"elementor-widget-container\">\n\t\t\t\t\t\t\t\t\t<p>Pro lep\u0161\u00ed srozumitelnost nepou\u017e\u00edv\u00e1me sou\u010dasn\u011b mu\u017esk\u00fd, \u017eensk\u00fd a neutr\u00e1ln\u00ed rod a m\u00edsto toho pou\u017e\u00edv\u00e1me obecn\u00fd mu\u017esk\u00fd rod. V\u0161echna osobn\u00ed ozna\u010den\u00ed zahrnuj\u00ed v\u0161echny rody stejn\u011b. Zkr\u00e1cen\u00fd pravopis slou\u017e\u00ed \u010dist\u011b k redak\u010dn\u00edm \u00fa\u010del\u016fm a nep\u0159edstavuje \u017e\u00e1dn\u00fd posudek.<\/p>\t\t\t\t\t\t\t\t<\/div>\n\t\t\t\t<\/div>\n\t\t\t\t\t<\/div>\n\t\t\t\t<\/div>\n\t\t<div class=\"elementor-element elementor-element-bf00818 e-flex e-con-boxed e-con e-parent\" data-id=\"bf00818\" data-element_type=\"container\" data-e-type=\"container\" data-settings=\"{&quot;jet_parallax_layout_list&quot;:[]}\">\n\t\t\t\t\t<div class=\"e-con-inner\">\n\t\t\t\t<div class=\"elementor-element elementor-element-f4c0e26 elementor-widget elementor-widget-spacer\" data-id=\"f4c0e26\" data-element_type=\"widget\" data-e-type=\"widget\" data-widget_type=\"spacer.default\">\n\t\t\t\t<div class=\"elementor-widget-container\">\n\t\t\t\t\t\t\t<div class=\"elementor-spacer\">\n\t\t\t<div class=\"elementor-spacer-inner\"><\/div>\n\t\t<\/div>\n\t\t\t\t\t\t<\/div>\n\t\t\t\t<\/div>\n\t\t\t\t\t<\/div>\n\t\t\t\t<\/div>\n\t\t\t\t<\/div>","protected":false},"excerpt":{"rendered":"<p>Pozn\u00e1mka k rodu Pro lep\u0161\u00ed srozumitelnost nepou\u017e\u00edv\u00e1me sou\u010dasn\u011b mu\u017esk\u00fd, \u017eensk\u00fd a neutr\u00e1ln\u00ed rod a m\u00edsto toho pou\u017e\u00edv\u00e1me obecn\u00fd mu\u017esk\u00fd rod. V\u0161echna osobn\u00ed ozna\u010den\u00ed zahrnuj\u00ed v\u0161echny rody stejn\u011b. Zkr\u00e1cen\u00fd pravopis slou\u017e\u00ed \u010dist\u011b k redak\u010dn\u00edm \u00fa\u010del\u016fm a nep\u0159edstavuje \u017e\u00e1dn\u00e9 hodnocen\u00ed.<\/p>","protected":false},"author":246537661,"featured_media":0,"parent":0,"menu_order":0,"comment_status":"closed","ping_status":"closed","template":"elementor_header_footer","meta":{"_crdt_document":"","footnotes":""},"class_list":["post-26343","page","type-page","status-publish","hentry"],"yoast_head":"<!-- This site is optimized with the Yoast SEO plugin v27.3 - https:\/\/yoast.com\/product\/yoast-seo-wordpress\/ -->\n<title>Gender-Hinweis - Nagel-Group Karriere<\/title>\n<meta name=\"robots\" content=\"index, follow, max-snippet:-1, max-image-preview:large, max-video-preview:-1\" \/>\n<link rel=\"canonical\" href=\"https:\/\/karriere.nagel-group.com\/cs\/gender-hinweis\/\" \/>\n<meta property=\"og:locale\" content=\"cs_CZ\" \/>\n<meta property=\"og:type\" content=\"article\" \/>\n<meta property=\"og:title\" content=\"Gender-Hinweis - Nagel-Group Karriere\" \/>\n<meta property=\"og:description\" content=\"Gender-Hinweis Zur besseren Lesbarkeit verzichten wir auf die gleichzeitige Verwendung m\u00e4nnlicher, weiblicher und neutraler Sprachformen und nutzen stattdessen das generische Maskulinum. Alle Personenbezeichnungen schlie\u00dfen dabei gleicherma\u00dfen alle Geschlechter ein. Die verk\u00fcrzte Schreibweise dient rein redaktionellen Zwecken und stellt keine Wertung dar.\" \/>\n<meta property=\"og:url\" content=\"https:\/\/karriere.nagel-group.com\/cs\/gender-hinweis\/\" \/>\n<meta property=\"og:site_name\" content=\"Nagel-Group Karriere\" \/>\n<meta property=\"article:modified_time\" content=\"2025-01-03T15:43:23+00:00\" \/>\n<meta name=\"twitter:card\" content=\"summary_large_image\" \/>\n<script type=\"application\/ld+json\" class=\"yoast-schema-graph\">{\"@context\":\"https:\\\/\\\/schema.org\",\"@graph\":[{\"@type\":\"WebPage\",\"@id\":\"https:\\\/\\\/karriere.nagel-group.com\\\/gender-hinweis\\\/\",\"url\":\"https:\\\/\\\/karriere.nagel-group.com\\\/gender-hinweis\\\/\",\"name\":\"Gender-Hinweis - Nagel-Group Karriere\",\"isPartOf\":{\"@id\":\"https:\\\/\\\/karriere.nagel-group.com\\\/#website\"},\"datePublished\":\"2024-10-23T05:58:49+00:00\",\"dateModified\":\"2025-01-03T15:43:23+00:00\",\"breadcrumb\":{\"@id\":\"https:\\\/\\\/karriere.nagel-group.com\\\/gender-hinweis\\\/#breadcrumb\"},\"inLanguage\":\"cs\",\"potentialAction\":[{\"@type\":\"ReadAction\",\"target\":[\"https:\\\/\\\/karriere.nagel-group.com\\\/gender-hinweis\\\/\"]}]},{\"@type\":\"BreadcrumbList\",\"@id\":\"https:\\\/\\\/karriere.nagel-group.com\\\/gender-hinweis\\\/#breadcrumb\",\"itemListElement\":[{\"@type\":\"ListItem\",\"position\":1,\"name\":\"Startseite\",\"item\":\"https:\\\/\\\/karriere.nagel-group.com\\\/\"},{\"@type\":\"ListItem\",\"position\":2,\"name\":\"Gender-Hinweis\"}]},{\"@type\":\"WebSite\",\"@id\":\"https:\\\/\\\/karriere.nagel-group.com\\\/#website\",\"url\":\"https:\\\/\\\/karriere.nagel-group.com\\\/\",\"name\":\"Nagel-Group Karriere\",\"description\":\"Deine Karriere. Unsere Zukunft.\",\"publisher\":{\"@id\":\"https:\\\/\\\/karriere.nagel-group.com\\\/#organization\"},\"potentialAction\":[{\"@type\":\"SearchAction\",\"target\":{\"@type\":\"EntryPoint\",\"urlTemplate\":\"https:\\\/\\\/karriere.nagel-group.com\\\/?s={search_term_string}\"},\"query-input\":{\"@type\":\"PropertyValueSpecification\",\"valueRequired\":true,\"valueName\":\"search_term_string\"}}],\"inLanguage\":\"cs\"},{\"@type\":\"Organization\",\"@id\":\"https:\\\/\\\/karriere.nagel-group.com\\\/#organization\",\"name\":\"Nagel-Group Karriere\",\"url\":\"https:\\\/\\\/karriere.nagel-group.com\\\/\",\"logo\":{\"@type\":\"ImageObject\",\"inLanguage\":\"cs\",\"@id\":\"https:\\\/\\\/karriere.nagel-group.com\\\/#\\\/schema\\\/logo\\\/image\\\/\",\"url\":\"https:\\\/\\\/i0.wp.com\\\/karriere.nagel-group.com\\\/wp-content\\\/uploads\\\/2018\\\/08\\\/cropped-Nagel-Group.png?fit=2161%2C598&ssl=1\",\"contentUrl\":\"https:\\\/\\\/i0.wp.com\\\/karriere.nagel-group.com\\\/wp-content\\\/uploads\\\/2018\\\/08\\\/cropped-Nagel-Group.png?fit=2161%2C598&ssl=1\",\"width\":2161,\"height\":598,\"caption\":\"Nagel-Group Karriere\"},\"image\":{\"@id\":\"https:\\\/\\\/karriere.nagel-group.com\\\/#\\\/schema\\\/logo\\\/image\\\/\"}}]}<\/script>\n<!-- \/ Yoast SEO plugin. -->","yoast_head_json":{"title":"Ozn\u00e1men\u00ed o pohlav\u00ed - Nagel-Group Career","robots":{"index":"index","follow":"follow","max-snippet":"max-snippet:-1","max-image-preview":"max-image-preview:large","max-video-preview":"max-video-preview:-1"},"canonical":"https:\/\/karriere.nagel-group.com\/cs\/gender-hinweis\/","og_locale":"cs_CZ","og_type":"article","og_title":"Gender-Hinweis - Nagel-Group Karriere","og_description":"Gender-Hinweis Zur besseren Lesbarkeit verzichten wir auf die gleichzeitige Verwendung m\u00e4nnlicher, weiblicher und neutraler Sprachformen und nutzen stattdessen das generische Maskulinum. Alle Personenbezeichnungen schlie\u00dfen dabei gleicherma\u00dfen alle Geschlechter ein. Die verk\u00fcrzte Schreibweise dient rein redaktionellen Zwecken und stellt keine Wertung dar.","og_url":"https:\/\/karriere.nagel-group.com\/cs\/gender-hinweis\/","og_site_name":"Nagel-Group Karriere","article_modified_time":"2025-01-03T15:43:23+00:00","twitter_card":"summary_large_image","schema":{"@context":"https:\/\/schema.org","@graph":[{"@type":"WebPage","@id":"https:\/\/karriere.nagel-group.com\/gender-hinweis\/","url":"https:\/\/karriere.nagel-group.com\/gender-hinweis\/","name":"Ozn\u00e1men\u00ed o pohlav\u00ed - Nagel-Group Career","isPartOf":{"@id":"https:\/\/karriere.nagel-group.com\/#website"},"datePublished":"2024-10-23T05:58:49+00:00","dateModified":"2025-01-03T15:43:23+00:00","breadcrumb":{"@id":"https:\/\/karriere.nagel-group.com\/gender-hinweis\/#breadcrumb"},"inLanguage":"cs","potentialAction":[{"@type":"ReadAction","target":["https:\/\/karriere.nagel-group.com\/gender-hinweis\/"]}]},{"@type":"BreadcrumbList","@id":"https:\/\/karriere.nagel-group.com\/gender-hinweis\/#breadcrumb","itemListElement":[{"@type":"ListItem","position":1,"name":"Startseite","item":"https:\/\/karriere.nagel-group.com\/"},{"@type":"ListItem","position":2,"name":"Gender-Hinweis"}]},{"@type":"WebSite","@id":"https:\/\/karriere.nagel-group.com\/#website","url":"https:\/\/karriere.nagel-group.com\/","name":"Kari\u00e9ra ve skupin\u011b Nagel-Group","description":"Va\u0161e kari\u00e9ra. Na\u0161e budoucnost.","publisher":{"@id":"https:\/\/karriere.nagel-group.com\/#organization"},"potentialAction":[{"@type":"SearchAction","target":{"@type":"EntryPoint","urlTemplate":"https:\/\/karriere.nagel-group.com\/?s={search_term_string}"},"query-input":{"@type":"PropertyValueSpecification","valueRequired":true,"valueName":"search_term_string"}}],"inLanguage":"cs"},{"@type":"Organization","@id":"https:\/\/karriere.nagel-group.com\/#organization","name":"Kari\u00e9ra ve skupin\u011b Nagel-Group","url":"https:\/\/karriere.nagel-group.com\/","logo":{"@type":"ImageObject","inLanguage":"cs","@id":"https:\/\/karriere.nagel-group.com\/#\/schema\/logo\/image\/","url":"https:\/\/i0.wp.com\/karriere.nagel-group.com\/wp-content\/uploads\/2018\/08\/cropped-Nagel-Group.png?fit=2161%2C598&ssl=1","contentUrl":"https:\/\/i0.wp.com\/karriere.nagel-group.com\/wp-content\/uploads\/2018\/08\/cropped-Nagel-Group.png?fit=2161%2C598&ssl=1","width":2161,"height":598,"caption":"Nagel-Group Karriere"},"image":{"@id":"https:\/\/karriere.nagel-group.com\/#\/schema\/logo\/image\/"}}]}},"jetpack_likes_enabled":true,"jetpack_sharing_enabled":true,"jetpack_shortlink":"https:\/\/wp.me\/Pfw6Wr-6QT","_links":{"self":[{"href":"https:\/\/karriere.nagel-group.com\/cs\/wp-json\/wp\/v2\/pages\/26343","targetHints":{"allow":["GET"]}}],"collection":[{"href":"https:\/\/karriere.nagel-group.com\/cs\/wp-json\/wp\/v2\/pages"}],"about":[{"href":"https:\/\/karriere.nagel-group.com\/cs\/wp-json\/wp\/v2\/types\/page"}],"author":[{"embeddable":true,"href":"https:\/\/karriere.nagel-group.com\/cs\/wp-json\/wp\/v2\/users\/246537661"}],"replies":[{"embeddable":true,"href":"https:\/\/karriere.nagel-group.com\/cs\/wp-json\/wp\/v2\/comments?post=26343"}],"version-history":[{"count":13,"href":"https:\/\/karriere.nagel-group.com\/cs\/wp-json\/wp\/v2\/pages\/26343\/revisions"}],"predecessor-version":[{"id":28049,"href":"https:\/\/karriere.nagel-group.com\/cs\/wp-json\/wp\/v2\/pages\/26343\/revisions\/28049"}],"wp:attachment":[{"href":"https:\/\/karriere.nagel-group.com\/cs\/wp-json\/wp\/v2\/media?parent=26343"}],"curies":[{"name":"wp","href":"https:\/\/api.w.org\/{rel}","templated":true}]}}